{"id":57,"date":"2016-08-04T16:26:05","date_gmt":"2016-08-04T14:26:05","guid":{"rendered":"https:\/\/www.q10magicpower.de\/cms\/?page_id=57"},"modified":"2019-10-13T08:51:57","modified_gmt":"2019-10-13T06:51:57","slug":"produkte","status":"publish","type":"page","link":"https:\/\/www.q10magicpower.de\/cms\/produkte\/","title":{"rendered":"Informationen"},"content":{"rendered":"\n<style type=\"text\/css\" data-created_by=\"avia_inline_auto\" id=\"style-css-av-k1ombx4d-79d3b242d92ecbfc4a7888fb28fc101e\">\n#top .av-special-heading.av-k1ombx4d-79d3b242d92ecbfc4a7888fb28fc101e{\npadding-bottom:10px;\n}\nbody .av-special-heading.av-k1ombx4d-79d3b242d92ecbfc4a7888fb28fc101e .av-special-heading-tag .heading-char{\nfont-size:25px;\n}\n.av-special-heading.av-k1ombx4d-79d3b242d92ecbfc4a7888fb28fc101e .av-subheading{\nfont-size:15px;\n}\n<\/style>\n<div  class='av-special-heading av-k1ombx4d-79d3b242d92ecbfc4a7888fb28fc101e av-special-heading-h1 blockquote modern-quote  avia-builder-el-0  el_before_av_one_full  avia-builder-el-first '><h1 class='av-special-heading-tag '  itemprop=\"headline\"  >WAS UNTERSCHEIDET UNSER PRODUKT VON ANDEREN PRODUKTEN?<\/h1><div class=\"special-heading-border\"><div class=\"special-heading-inner-border\"><\/div><\/div><\/div>\n\n<style type=\"text\/css\" data-created_by=\"avia_inline_auto\" id=\"style-css-av-48vld-73df5960c25dd2d9ca8bdac0920d19cd\">\n.flex_column.av-48vld-73df5960c25dd2d9ca8bdac0920d19cd{\nborder-radius:0px 0px 0px 0px;\npadding:0px 0px 0px 0px;\n}\n<\/style>\n<div  class='flex_column av-48vld-73df5960c25dd2d9ca8bdac0920d19cd av_one_full  avia-builder-el-1  el_after_av_heading  el_before_av_image  first flex_column_div av-zero-column-padding  '     ><section  class='av_textblock_section av-jgfm6ch2-5c8d7ae50ee9ab2966d994d3659789c5 '   itemscope=\"itemscope\" itemtype=\"https:\/\/schema.org\/CreativeWork\" ><div class='avia_textblock'  itemprop=\"text\" ><p><span style=\"font-size: 16px;\">Es ist das einzige Pr\u00e4parat, das s\u00e4mtliche Substanzen enth\u00e4lt, wie sie die Energiegewinnung in unseren Zellen ben\u00f6tigt:&nbsp;<\/span><span style=\"font-size: 16px;\">die Coenzyme Q 10 und NADH, B-Vitamine und weitere Wirkstoffe.&nbsp;<\/span><\/p>\n<p><span style=\"font-size: 16px;\">Wir haben in 20 Jahren Entwicklungsarbeit eine Mikron\u00e4hrstoffkombination geschaffen, die alle Stoffwechselvorg\u00e4nge im K\u00f6rper&nbsp;<\/span><span style=\"font-size: 16px;\">unterst\u00fctzt und am Laufen h\u00e4lt.&nbsp;<\/span><\/p>\n<p><span style=\"font-size: 16px;\">Die Mitochondrien, die Kraftwerke der Zelle, werden mit allem versorgt, was sie brauchen. Denn sie liefern die ben\u00f6tigte Energie.&nbsp;<\/span><\/p>\n<p><span style=\"font-size: 16px;\">Damit ist die k\u00f6rperliche und geistige Regeneration gew\u00e4hrleistet.&nbsp;<\/span><span style=\"font-size: 16px;\">Man steigert seine Leistungsf\u00e4higkeit, ohne Raubbau an den eigenen Ressourcen zu begehen.&nbsp;<\/span><\/p>\n<p><span style=\"font-size: 16px;\">F\u00fcr eine optimale Verf\u00fcgbarkeit haben wir eine spezielle Trinkemulsion entwickelt. Dabei werden fettl\u00f6sliche und wasserl\u00f6sliche&nbsp;<\/span><span style=\"font-size: 16px;\">Komponenten so verbunden, dass eine Aufnahmerate von 40% erreicht wird. (Gegen\u00fcber 5-10% bei herk\u00f6mmlichen Produkten.)<\/span><\/p>\n<div dir=\"ltr\">\n<div>\n<p dir=\"ltr\"><span style=\"font-size: 16px;\">Wir verwenden Ubichinon statt Ubichinol: damit erzielt man eine bessere, lang anhaltende Depotwirkung.<\/span><\/p>\n<\/div>\n<\/div>\n<div class=\"wpb_wrapper\">&nbsp;<\/div>\n<div>&nbsp;<\/div>\n<\/div><\/section><\/div>\n<style type=\"text\/css\" data-created_by=\"avia_inline_auto\" id=\"style-css-av-jgfm0gau-699541a308a344b5ff2787e93f195d15\">\n.avia-image-container.av-jgfm0gau-699541a308a344b5ff2787e93f195d15 img.avia_image{\nbox-shadow:none;\n}\n.avia-image-container.av-jgfm0gau-699541a308a344b5ff2787e93f195d15 .av-image-caption-overlay-center{\ncolor:#ffffff;\n}\n<\/style>\n<div  class='avia-image-container av-jgfm0gau-699541a308a344b5ff2787e93f195d15 av-styling- avia-align-center  avia-builder-el-3  el_after_av_one_full  el_before_av_textblock '   itemprop=\"image\" itemscope=\"itemscope\" itemtype=\"https:\/\/schema.org\/ImageObject\" ><div class=\"avia-image-container-inner\"><div class=\"avia-image-overlay-wrap\"><img decoding=\"async\" fetchpriority=\"high\" class='wp-image-4541 avia-img-lazy-loading-not-4541 avia_image ' src=\"https:\/\/www.q10magicpower.de\/cms\/wp-content\/uploads\/2019\/10\/Abschluss-zeile1450x140.png\" alt='' title='Abschluss-zeile1450x140'  height=\"140\" width=\"1472\"  itemprop=\"thumbnailUrl\" srcset=\"https:\/\/www.q10magicpower.de\/cms\/wp-content\/uploads\/2019\/10\/Abschluss-zeile1450x140.png 1472w, https:\/\/www.q10magicpower.de\/cms\/wp-content\/uploads\/2019\/10\/Abschluss-zeile1450x140-300x29.png 300w, https:\/\/www.q10magicpower.de\/cms\/wp-content\/uploads\/2019\/10\/Abschluss-zeile1450x140-768x73.png 768w, https:\/\/www.q10magicpower.de\/cms\/wp-content\/uploads\/2019\/10\/Abschluss-zeile1450x140-1030x98.png 1030w, https:\/\/www.q10magicpower.de\/cms\/wp-content\/uploads\/2019\/10\/Abschluss-zeile1450x140-705x67.png 705w, https:\/\/www.q10magicpower.de\/cms\/wp-content\/uploads\/2019\/10\/Abschluss-zeile1450x140-600x57.png 600w\" sizes=\"(max-width: 1472px) 100vw, 1472px\" \/><\/div><\/div><\/div><\/p>\n<section  class='av_textblock_section av-jgfm4r0q-34ec966107bdc09e5e004099acb60fb8 '   itemscope=\"itemscope\" itemtype=\"https:\/\/schema.org\/CreativeWork\" ><div class='avia_textblock'  itemprop=\"text\" ><h5><em>F\u00dcR NAT\u00dcRLICHE INNERE UND \u00c4USSERE KRAFT<\/em><\/h5>\n<div class=\"wpb_text_column wpb_content_element \">\n<div class=\"wpb_wrapper\">\n<p>Bei stressbedingten Ersch\u00f6pfungszust\u00e4nden oder Mikron\u00e4hrstoffdefiziten bedarf der K\u00f6rper zus\u00e4tzlicher Unterst\u00fctzung. Gerade dann wird zus\u00e4tzliche Energie und eine schnelle St\u00e4rkung des Energiestoffwechels ben\u00f6tigt. Die <a href=\"https:\/\/www.q10magicpower.de\/cms\/?post_type=product\">Q10 Magic Power<sup>\u00ae<\/sup> Trinkemulsion<\/a> unterst\u00fctzt die Regenerierungsprozesse von innen, w\u00e4hrend die <a href=\"https:\/\/www.q10magicpower.de\/cms\/?post_type=product\">Q10 Magic Power<sup>\u00ae <\/sup>Gesichtscreme<\/a> und <a href=\"https:\/\/www.q10magicpower.de\/cms\/?post_type=product\">K\u00f6rperlotion<\/a> f\u00fcr elastischere Haut und Reduzierung von Falten von au\u00dfen sorgen.<\/p>\n<p><strong>Q10 Magic Power<sup>\u00ae<\/sup>&nbsp;Die t\u00e4gliche Zutat f\u00fcr ein langes und gesundes Leben.<\/strong><\/p>\n<\/div>\n<\/div>\n<\/div><\/section>\n\n<style type=\"text\/css\" data-created_by=\"avia_inline_auto\" id=\"style-css-av-12yfp-de0caa630fd8d0f05071e4f509783ad5\">\n.flex_column.av-12yfp-de0caa630fd8d0f05071e4f509783ad5{\nborder-radius:0px 0px 0px 0px;\npadding:0px 0px 0px 0px;\n}\n<\/style>\n<div  class='flex_column av-12yfp-de0caa630fd8d0f05071e4f509783ad5 av_one_full  avia-builder-el-5  el_after_av_textblock  el_before_av_section  avia-builder-el-last  first flex_column_div av-zero-column-padding  column-top-margin'     ><style type=\"text\/css\" data-created_by=\"avia_inline_auto\" id=\"style-css-av-jgfm0gau-699541a308a344b5ff2787e93f195d15\">\n.avia-image-container.av-jgfm0gau-699541a308a344b5ff2787e93f195d15 img.avia_image{\nbox-shadow:none;\n}\n.avia-image-container.av-jgfm0gau-699541a308a344b5ff2787e93f195d15 .av-image-caption-overlay-center{\ncolor:#ffffff;\n}\n<\/style>\n<div  class='avia-image-container av-jgfm0gau-699541a308a344b5ff2787e93f195d15 av-styling- avia-align-center  avia-builder-el-6  avia-builder-el-no-sibling '   itemprop=\"image\" itemscope=\"itemscope\" itemtype=\"https:\/\/schema.org\/ImageObject\" ><div class=\"avia-image-container-inner\"><div class=\"avia-image-overlay-wrap\"><img decoding=\"async\" fetchpriority=\"high\" class='wp-image-4541 avia-img-lazy-loading-not-4541 avia_image ' src=\"https:\/\/www.q10magicpower.de\/cms\/wp-content\/uploads\/2019\/10\/Abschluss-zeile1450x140.png\" alt='' title='Abschluss-zeile1450x140'  height=\"140\" width=\"1472\"  itemprop=\"thumbnailUrl\" srcset=\"https:\/\/www.q10magicpower.de\/cms\/wp-content\/uploads\/2019\/10\/Abschluss-zeile1450x140.png 1472w, https:\/\/www.q10magicpower.de\/cms\/wp-content\/uploads\/2019\/10\/Abschluss-zeile1450x140-300x29.png 300w, https:\/\/www.q10magicpower.de\/cms\/wp-content\/uploads\/2019\/10\/Abschluss-zeile1450x140-768x73.png 768w, https:\/\/www.q10magicpower.de\/cms\/wp-content\/uploads\/2019\/10\/Abschluss-zeile1450x140-1030x98.png 1030w, https:\/\/www.q10magicpower.de\/cms\/wp-content\/uploads\/2019\/10\/Abschluss-zeile1450x140-705x67.png 705w, https:\/\/www.q10magicpower.de\/cms\/wp-content\/uploads\/2019\/10\/Abschluss-zeile1450x140-600x57.png 600w\" sizes=\"(max-width: 1472px) 100vw, 1472px\" \/><\/div><\/div><\/div><\/div><\/div><\/div><\/div><!-- close content main div --><\/div><\/div><div id='av_section_1'  class='avia-section av-jgf90huj-bf28fd01e52937fa2cd4620f2c254125 main_color avia-section-default avia-no-border-styling  avia-builder-el-7  el_after_av_one_full  avia-builder-el-last  avia-bg-style-scroll container_wrap fullsize'  ><div class='container av-section-cont-open' ><div class='template-page content  av-content-full alpha units'><div class='post-entry post-entry-type-page post-entry-57'><div class='entry-content-wrapper clearfix'>\n\n<style type=\"text\/css\" data-created_by=\"avia_inline_auto\" id=\"style-css-av-1m3od-a975c7ccee1f8ee85466517595ee0813\">\n.flex_column.av-1m3od-a975c7ccee1f8ee85466517595ee0813{\nborder-radius:0px 0px 0px 0px;\npadding:0px 0px 0px 0px;\n}\n<\/style>\n<div  class='flex_column av-1m3od-a975c7ccee1f8ee85466517595ee0813 av_one_third  avia-builder-el-8  el_before_av_one_third  avia-builder-el-first  first flex_column_div av-zero-column-padding  '     ><style type=\"text\/css\" data-created_by=\"avia_inline_auto\" id=\"style-css-av-jgf8z8qg-799eb202a4c0ac22ef6e1784ac8105ef\">\n.avia-image-container.av-jgf8z8qg-799eb202a4c0ac22ef6e1784ac8105ef img.avia_image{\nbox-shadow:none;\n}\n.avia-image-container.av-jgf8z8qg-799eb202a4c0ac22ef6e1784ac8105ef .av-image-caption-overlay-center{\ncolor:#ffffff;\n}\n<\/style>\n<div  class='avia-image-container av-jgf8z8qg-799eb202a4c0ac22ef6e1784ac8105ef av-styling- av-hover-grow avia-align-center  avia-builder-el-9  avia-builder-el-no-sibling '   itemprop=\"image\" itemscope=\"itemscope\" itemtype=\"https:\/\/schema.org\/ImageObject\" ><div class=\"avia-image-container-inner\"><div class=\"avia-image-overlay-wrap\"><img decoding=\"async\" fetchpriority=\"high\" class='wp-image-2300 avia-img-lazy-loading-not-2300 avia_image ' src=\"https:\/\/www.q10magicpower.de\/cms\/wp-content\/uploads\/2018\/05\/premium-badge.png\" alt='Q10 Magic Power\u00ae Premium Qualit\u00e4t' title='Q10 Magic Power\u00ae Premium Qualit\u00e4t'  height=\"186\" width=\"256\"  itemprop=\"thumbnailUrl\"  \/><\/div><\/div><\/div><\/div>\n<style type=\"text\/css\" data-created_by=\"avia_inline_auto\" id=\"style-css-av-vdep-93904491d60d3b217b733d8aa701c9c9\">\n.flex_column.av-vdep-93904491d60d3b217b733d8aa701c9c9{\nborder-radius:0px 0px 0px 0px;\npadding:0px 0px 0px 0px;\n}\n<\/style>\n<div  class='flex_column av-vdep-93904491d60d3b217b733d8aa701c9c9 av_one_third  avia-builder-el-10  el_after_av_one_third  el_before_av_one_third  flex_column_div av-zero-column-padding  '     ><style type=\"text\/css\" data-created_by=\"avia_inline_auto\" id=\"style-css-av-jgf8z8qg-a5ce83efc8864151ba61d99d9a502dcb\">\n.avia-image-container.av-jgf8z8qg-a5ce83efc8864151ba61d99d9a502dcb img.avia_image{\nbox-shadow:none;\n}\n.avia-image-container.av-jgf8z8qg-a5ce83efc8864151ba61d99d9a502dcb .av-image-caption-overlay-center{\ncolor:#ffffff;\n}\n<\/style>\n<div  class='avia-image-container av-jgf8z8qg-a5ce83efc8864151ba61d99d9a502dcb av-styling- av-hover-grow avia-align-center  avia-builder-el-11  avia-builder-el-no-sibling '   itemprop=\"image\" itemscope=\"itemscope\" itemtype=\"https:\/\/schema.org\/ImageObject\" ><div class=\"avia-image-container-inner\"><div class=\"avia-image-overlay-wrap\"><img decoding=\"async\" fetchpriority=\"high\" class='wp-image-3285 avia-img-lazy-loading-not-3285 avia_image ' src=\"https:\/\/www.q10magicpower.de\/cms\/wp-content\/uploads\/2019\/03\/nature-badge-4-300x267.png\" alt='' title='nature-badge'  height=\"267\" width=\"300\"  itemprop=\"thumbnailUrl\" srcset=\"https:\/\/www.q10magicpower.de\/cms\/wp-content\/uploads\/2019\/03\/nature-badge-4-300x267.png 300w, https:\/\/www.q10magicpower.de\/cms\/wp-content\/uploads\/2019\/03\/nature-badge-4-768x684.png 768w, https:\/\/www.q10magicpower.de\/cms\/wp-content\/uploads\/2019\/03\/nature-badge-4-705x627.png 705w, https:\/\/www.q10magicpower.de\/cms\/wp-content\/uploads\/2019\/03\/nature-badge-4-600x534.png 600w, https:\/\/www.q10magicpower.de\/cms\/wp-content\/uploads\/2019\/03\/nature-badge-4.png 946w\" sizes=\"(max-width: 300px) 100vw, 300px\" \/><\/div><\/div><\/div><\/div>\n<style type=\"text\/css\" data-created_by=\"avia_inline_auto\" id=\"style-css-av-vdep-93904491d60d3b217b733d8aa701c9c9\">\n.flex_column.av-vdep-93904491d60d3b217b733d8aa701c9c9{\nborder-radius:0px 0px 0px 0px;\npadding:0px 0px 0px 0px;\n}\n<\/style>\n<div  class='flex_column av-vdep-93904491d60d3b217b733d8aa701c9c9 av_one_third  avia-builder-el-12  el_after_av_one_third  avia-builder-el-last  flex_column_div av-zero-column-padding  '     ><style type=\"text\/css\" data-created_by=\"avia_inline_auto\" id=\"style-css-av-jgf8z8qg-c40623dbecde3e5e24102cdda9ffb099\">\n.avia-image-container.av-jgf8z8qg-c40623dbecde3e5e24102cdda9ffb099 img.avia_image{\nbox-shadow:none;\n}\n.avia-image-container.av-jgf8z8qg-c40623dbecde3e5e24102cdda9ffb099 .av-image-caption-overlay-center{\ncolor:#ffffff;\n}\n<\/style>\n<div  class='avia-image-container av-jgf8z8qg-c40623dbecde3e5e24102cdda9ffb099 av-styling- av-hover-grow avia-align-center  avia-builder-el-13  avia-builder-el-no-sibling '   itemprop=\"image\" itemscope=\"itemscope\" itemtype=\"https:\/\/schema.org\/ImageObject\" ><div class=\"avia-image-container-inner\"><div class=\"avia-image-overlay-wrap\"><img decoding=\"async\" fetchpriority=\"high\" class='wp-image-2458 avia-img-lazy-loading-not-2458 avia_image ' src=\"https:\/\/www.q10magicpower.de\/cms\/wp-content\/uploads\/2018\/06\/q10-mig.png\" alt='Q10 Magic Power\u00ae Made in Germany' title='Q10 Magic Power\u00ae Made in Germany'  height=\"100\" width=\"200\"  itemprop=\"thumbnailUrl\"  \/><\/div><\/div><\/div><\/div>\n<\/p>\n","protected":false},"excerpt":{"rendered":"","protected":false},"author":1,"featured_media":193,"parent":0,"menu_order":0,"comment_status":"closed","ping_status":"closed","template":"","meta":{"ngg_post_thumbnail":0,"footnotes":""},"class_list":["post-57","page","type-page","status-publish","has-post-thumbnail","hentry"],"yoast_head":"<!-- This site is optimized with the Yoast SEO plugin v26.4 - https:\/\/yoast.com\/wordpress\/plugins\/seo\/ -->\n<title>Q10 MAGIC POWER\u00ae &#187; Informationen<\/title>\n<meta name=\"description\" content=\"Q10 MAGIC POWER\u00ae &#187; Produkte sind alle h\u00f6chstdosiert. Unsere Trinkemulsion enth\u00e4lt 420mg CoQ10 und 20mg NADH. SCHNELL - EINFACH - DIREKT\" \/>\n<meta name=\"robots\" content=\"index, follow, max-snippet:-1, max-image-preview:large, max-video-preview:-1\" \/>\n<link rel=\"canonical\" href=\"https:\/\/www.q10magicpower.de\/cms\/produkte\/\" \/>\n<meta property=\"og:locale\" content=\"de_DE\" \/>\n<meta property=\"og:type\" content=\"article\" \/>\n<meta property=\"og:title\" content=\"Q10 MAGIC POWER\u00ae &#187; Informationen\" \/>\n<meta property=\"og:description\" content=\"Q10 MAGIC POWER\u00ae &#187; Produkte sind alle h\u00f6chstdosiert. Unsere Trinkemulsion enth\u00e4lt 420mg CoQ10 und 20mg NADH. SCHNELL - EINFACH - DIREKT\" \/>\n<meta property=\"og:url\" content=\"https:\/\/www.q10magicpower.de\/cms\/produkte\/\" \/>\n<meta property=\"og:site_name\" content=\"Q10 MAGIC POWER\u00ae\" \/>\n<meta property=\"article:publisher\" content=\"https:\/\/www.facebook.com\/www.q10magicpower.de\/\" \/>\n<meta property=\"article:modified_time\" content=\"2019-10-13T06:51:57+00:00\" \/>\n<meta property=\"og:image\" content=\"https:\/\/www.q10magicpower.de\/cms\/wp-content\/uploads\/2016\/10\/header-icons-1920x1080-1.jpg\" \/>\n\t<meta property=\"og:image:width\" content=\"1920\" \/>\n\t<meta property=\"og:image:height\" content=\"1080\" \/>\n\t<meta property=\"og:image:type\" content=\"image\/jpeg\" \/>\n<meta name=\"twitter:card\" content=\"summary_large_image\" \/>\n<meta name=\"twitter:label1\" content=\"Gesch\u00e4tzte Lesezeit\" \/>\n\t<meta name=\"twitter:data1\" content=\"6\u00a0Minuten\" \/>\n<script type=\"application\/ld+json\" class=\"yoast-schema-graph\">{\"@context\":\"https:\/\/schema.org\",\"@graph\":[{\"@type\":\"WebPage\",\"@id\":\"https:\/\/www.q10magicpower.de\/cms\/produkte\/\",\"url\":\"https:\/\/www.q10magicpower.de\/cms\/produkte\/\",\"name\":\"Q10 MAGIC POWER\u00ae &#187; Informationen\",\"isPartOf\":{\"@id\":\"https:\/\/www.q10magicpower.de\/cms\/#website\"},\"primaryImageOfPage\":{\"@id\":\"https:\/\/www.q10magicpower.de\/cms\/produkte\/#primaryimage\"},\"image\":{\"@id\":\"https:\/\/www.q10magicpower.de\/cms\/produkte\/#primaryimage\"},\"thumbnailUrl\":\"https:\/\/www.q10magicpower.de\/cms\/wp-content\/uploads\/2016\/10\/header-icons-1920x1080-1.jpg\",\"datePublished\":\"2016-08-04T14:26:05+00:00\",\"dateModified\":\"2019-10-13T06:51:57+00:00\",\"description\":\"Q10 MAGIC POWER\u00ae &#187; Produkte sind alle h\u00f6chstdosiert. Unsere Trinkemulsion enth\u00e4lt 420mg CoQ10 und 20mg NADH. SCHNELL - EINFACH - DIREKT\",\"breadcrumb\":{\"@id\":\"https:\/\/www.q10magicpower.de\/cms\/produkte\/#breadcrumb\"},\"inLanguage\":\"de\",\"potentialAction\":[{\"@type\":\"ReadAction\",\"target\":[\"https:\/\/www.q10magicpower.de\/cms\/produkte\/\"]}]},{\"@type\":\"ImageObject\",\"inLanguage\":\"de\",\"@id\":\"https:\/\/www.q10magicpower.de\/cms\/produkte\/#primaryimage\",\"url\":\"https:\/\/www.q10magicpower.de\/cms\/wp-content\/uploads\/2016\/10\/header-icons-1920x1080-1.jpg\",\"contentUrl\":\"https:\/\/www.q10magicpower.de\/cms\/wp-content\/uploads\/2016\/10\/header-icons-1920x1080-1.jpg\",\"width\":1920,\"height\":1080,\"caption\":\"Q10 Magic Power Inhaltsstoffe\"},{\"@type\":\"BreadcrumbList\",\"@id\":\"https:\/\/www.q10magicpower.de\/cms\/produkte\/#breadcrumb\",\"itemListElement\":[{\"@type\":\"ListItem\",\"position\":1,\"name\":\"Startseite\",\"item\":\"https:\/\/www.q10magicpower.de\/cms\/\"},{\"@type\":\"ListItem\",\"position\":2,\"name\":\"Informationen\"}]},{\"@type\":\"WebSite\",\"@id\":\"https:\/\/www.q10magicpower.de\/cms\/#website\",\"url\":\"https:\/\/www.q10magicpower.de\/cms\/\",\"name\":\"Q10 MAGIC POWER\u00ae\",\"description\":\"Aktivator f\u00fcr K\u00f6rper und Geist\",\"publisher\":{\"@id\":\"https:\/\/www.q10magicpower.de\/cms\/#organization\"},\"potentialAction\":[{\"@type\":\"SearchAction\",\"target\":{\"@type\":\"EntryPoint\",\"urlTemplate\":\"https:\/\/www.q10magicpower.de\/cms\/?s={search_term_string}\"},\"query-input\":{\"@type\":\"PropertyValueSpecification\",\"valueRequired\":true,\"valueName\":\"search_term_string\"}}],\"inLanguage\":\"de\"},{\"@type\":\"Organization\",\"@id\":\"https:\/\/www.q10magicpower.de\/cms\/#organization\",\"name\":\"Q10 Magic Power - SCHNELL - EINFACH - DIREKT -\",\"url\":\"https:\/\/www.q10magicpower.de\/cms\/\",\"logo\":{\"@type\":\"ImageObject\",\"inLanguage\":\"de\",\"@id\":\"https:\/\/www.q10magicpower.de\/cms\/#\/schema\/logo\/image\/\",\"url\":\"https:\/\/www.q10magicpower.de\/cms\/wp-content\/uploads\/2019\/09\/neuer-werbebanner.png\",\"contentUrl\":\"https:\/\/www.q10magicpower.de\/cms\/wp-content\/uploads\/2019\/09\/neuer-werbebanner.png\",\"width\":1024,\"height\":524,\"caption\":\"Q10 Magic Power - SCHNELL - EINFACH - DIREKT -\"},\"image\":{\"@id\":\"https:\/\/www.q10magicpower.de\/cms\/#\/schema\/logo\/image\/\"},\"sameAs\":[\"https:\/\/www.facebook.com\/www.q10magicpower.de\/\",\"https:\/\/www.instagram.com\/q10_magic_power\/\",\"https:\/\/www.youtube.com\/channel\/UCqGTr1w6DJo7EIGuolhUoXA\"]}]}<\/script>\n<!-- \/ Yoast SEO plugin. -->","yoast_head_json":{"title":"Q10 MAGIC POWER\u00ae &#187; Informationen","description":"Q10 MAGIC POWER\u00ae &#187; Produkte sind alle h\u00f6chstdosiert. Unsere Trinkemulsion enth\u00e4lt 420mg CoQ10 und 20mg NADH. SCHNELL - EINFACH - DIREKT","robots":{"index":"index","follow":"follow","max-snippet":"max-snippet:-1","max-image-preview":"max-image-preview:large","max-video-preview":"max-video-preview:-1"},"canonical":"https:\/\/www.q10magicpower.de\/cms\/produkte\/","og_locale":"de_DE","og_type":"article","og_title":"Q10 MAGIC POWER\u00ae &#187; Informationen","og_description":"Q10 MAGIC POWER\u00ae &#187; Produkte sind alle h\u00f6chstdosiert. Unsere Trinkemulsion enth\u00e4lt 420mg CoQ10 und 20mg NADH. SCHNELL - EINFACH - DIREKT","og_url":"https:\/\/www.q10magicpower.de\/cms\/produkte\/","og_site_name":"Q10 MAGIC POWER\u00ae","article_publisher":"https:\/\/www.facebook.com\/www.q10magicpower.de\/","article_modified_time":"2019-10-13T06:51:57+00:00","og_image":[{"width":1920,"height":1080,"url":"https:\/\/www.q10magicpower.de\/cms\/wp-content\/uploads\/2016\/10\/header-icons-1920x1080-1.jpg","type":"image\/jpeg"}],"twitter_card":"summary_large_image","twitter_misc":{"Gesch\u00e4tzte Lesezeit":"6\u00a0Minuten"},"schema":{"@context":"https:\/\/schema.org","@graph":[{"@type":"WebPage","@id":"https:\/\/www.q10magicpower.de\/cms\/produkte\/","url":"https:\/\/www.q10magicpower.de\/cms\/produkte\/","name":"Q10 MAGIC POWER\u00ae &#187; Informationen","isPartOf":{"@id":"https:\/\/www.q10magicpower.de\/cms\/#website"},"primaryImageOfPage":{"@id":"https:\/\/www.q10magicpower.de\/cms\/produkte\/#primaryimage"},"image":{"@id":"https:\/\/www.q10magicpower.de\/cms\/produkte\/#primaryimage"},"thumbnailUrl":"https:\/\/www.q10magicpower.de\/cms\/wp-content\/uploads\/2016\/10\/header-icons-1920x1080-1.jpg","datePublished":"2016-08-04T14:26:05+00:00","dateModified":"2019-10-13T06:51:57+00:00","description":"Q10 MAGIC POWER\u00ae &#187; Produkte sind alle h\u00f6chstdosiert. Unsere Trinkemulsion enth\u00e4lt 420mg CoQ10 und 20mg NADH. SCHNELL - EINFACH - DIREKT","breadcrumb":{"@id":"https:\/\/www.q10magicpower.de\/cms\/produkte\/#breadcrumb"},"inLanguage":"de","potentialAction":[{"@type":"ReadAction","target":["https:\/\/www.q10magicpower.de\/cms\/produkte\/"]}]},{"@type":"ImageObject","inLanguage":"de","@id":"https:\/\/www.q10magicpower.de\/cms\/produkte\/#primaryimage","url":"https:\/\/www.q10magicpower.de\/cms\/wp-content\/uploads\/2016\/10\/header-icons-1920x1080-1.jpg","contentUrl":"https:\/\/www.q10magicpower.de\/cms\/wp-content\/uploads\/2016\/10\/header-icons-1920x1080-1.jpg","width":1920,"height":1080,"caption":"Q10 Magic Power Inhaltsstoffe"},{"@type":"BreadcrumbList","@id":"https:\/\/www.q10magicpower.de\/cms\/produkte\/#breadcrumb","itemListElement":[{"@type":"ListItem","position":1,"name":"Startseite","item":"https:\/\/www.q10magicpower.de\/cms\/"},{"@type":"ListItem","position":2,"name":"Informationen"}]},{"@type":"WebSite","@id":"https:\/\/www.q10magicpower.de\/cms\/#website","url":"https:\/\/www.q10magicpower.de\/cms\/","name":"Q10 MAGIC POWER\u00ae","description":"Aktivator f\u00fcr K\u00f6rper und Geist","publisher":{"@id":"https:\/\/www.q10magicpower.de\/cms\/#organization"},"potentialAction":[{"@type":"SearchAction","target":{"@type":"EntryPoint","urlTemplate":"https:\/\/www.q10magicpower.de\/cms\/?s={search_term_string}"},"query-input":{"@type":"PropertyValueSpecification","valueRequired":true,"valueName":"search_term_string"}}],"inLanguage":"de"},{"@type":"Organization","@id":"https:\/\/www.q10magicpower.de\/cms\/#organization","name":"Q10 Magic Power - SCHNELL - EINFACH - DIREKT -","url":"https:\/\/www.q10magicpower.de\/cms\/","logo":{"@type":"ImageObject","inLanguage":"de","@id":"https:\/\/www.q10magicpower.de\/cms\/#\/schema\/logo\/image\/","url":"https:\/\/www.q10magicpower.de\/cms\/wp-content\/uploads\/2019\/09\/neuer-werbebanner.png","contentUrl":"https:\/\/www.q10magicpower.de\/cms\/wp-content\/uploads\/2019\/09\/neuer-werbebanner.png","width":1024,"height":524,"caption":"Q10 Magic Power - SCHNELL - EINFACH - DIREKT -"},"image":{"@id":"https:\/\/www.q10magicpower.de\/cms\/#\/schema\/logo\/image\/"},"sameAs":["https:\/\/www.facebook.com\/www.q10magicpower.de\/","https:\/\/www.instagram.com\/q10_magic_power\/","https:\/\/www.youtube.com\/channel\/UCqGTr1w6DJo7EIGuolhUoXA"]}]}},"_links":{"self":[{"href":"https:\/\/www.q10magicpower.de\/cms\/wp-json\/wp\/v2\/pages\/57","targetHints":{"allow":["GET"]}}],"collection":[{"href":"https:\/\/www.q10magicpower.de\/cms\/wp-json\/wp\/v2\/pages"}],"about":[{"href":"https:\/\/www.q10magicpower.de\/cms\/wp-json\/wp\/v2\/types\/page"}],"author":[{"embeddable":true,"href":"https:\/\/www.q10magicpower.de\/cms\/wp-json\/wp\/v2\/users\/1"}],"replies":[{"embeddable":true,"href":"https:\/\/www.q10magicpower.de\/cms\/wp-json\/wp\/v2\/comments?post=57"}],"version-history":[{"count":86,"href":"https:\/\/www.q10magicpower.de\/cms\/wp-json\/wp\/v2\/pages\/57\/revisions"}],"predecessor-version":[{"id":4565,"href":"https:\/\/www.q10magicpower.de\/cms\/wp-json\/wp\/v2\/pages\/57\/revisions\/4565"}],"wp:featuredmedia":[{"embeddable":true,"href":"https:\/\/www.q10magicpower.de\/cms\/wp-json\/wp\/v2\/media\/193"}],"wp:attachment":[{"href":"https:\/\/www.q10magicpower.de\/cms\/wp-json\/wp\/v2\/media?parent=57"}],"curies":[{"name":"wp","href":"https:\/\/api.w.org\/{rel}","templated":true}]}}