{"id":621,"date":"2017-01-06T11:48:36","date_gmt":"2017-01-06T10:48:36","guid":{"rendered":"https:\/\/www.q10magicpower.de\/cms\/?page_id=621"},"modified":"2020-02-13T11:29:47","modified_gmt":"2020-02-13T10:29:47","slug":"q10-schule","status":"publish","type":"page","link":"https:\/\/www.q10magicpower.de\/cms\/produkte\/q10-schule\/","title":{"rendered":"Q10 und Lernen"},"content":{"rendered":"\n<style type=\"text\/css\" data-created_by=\"avia_inline_auto\" id=\"style-css-av-av_heading-b50ac4afd699099bc4dcb134cef15243\">\n#top .av-special-heading.av-av_heading-b50ac4afd699099bc4dcb134cef15243{\npadding-bottom:10px;\n}\nbody .av-special-heading.av-av_heading-b50ac4afd699099bc4dcb134cef15243 .av-special-heading-tag .heading-char{\nfont-size:25px;\n}\n.av-special-heading.av-av_heading-b50ac4afd699099bc4dcb134cef15243 .av-subheading{\nfont-size:15px;\n}\n<\/style>\n<div  class='av-special-heading av-av_heading-b50ac4afd699099bc4dcb134cef15243 av-special-heading-h1 blockquote modern-quote  avia-builder-el-0  el_before_av_one_half  avia-builder-el-first '><h1 class='av-special-heading-tag '  itemprop=\"headline\"  >Q10 UND LERNEN<\/h1><div class=\"special-heading-border\"><div class=\"special-heading-inner-border\"><\/div><\/div><\/div>\n\n<style type=\"text\/css\" data-created_by=\"avia_inline_auto\" id=\"style-css-av-t360d-775c7b02e3b3e40be8349e880c34378f\">\n.flex_column.av-t360d-775c7b02e3b3e40be8349e880c34378f{\nborder-radius:0px 0px 0px 0px;\npadding:0px 0px 0px 0px;\n}\n<\/style>\n<div  class='flex_column av-t360d-775c7b02e3b3e40be8349e880c34378f av_one_half  avia-builder-el-1  el_after_av_heading  el_before_av_one_half  first flex_column_div av-zero-column-padding  '     ><section  class='av_textblock_section av-jgfo1c4j-1d89e11ce0262e3d536ec9f406c29818 '   itemscope=\"itemscope\" itemtype=\"https:\/\/schema.org\/CreativeWork\" ><div class='avia_textblock'  itemprop=\"text\" ><div class=\"wpb_text_column wpb_content_element \">\n<div class=\"wpb_wrapper\">\n<p>Q10 Magic Power<sup>\u00ae<\/sup> als Schutzfaktor, Leistungs-\u00a0und Konzentrationsverst\u00e4rkung f\u00fcr Schule, Universit\u00e4t und\u00a0Sport \u2013 nat\u00fcrlich und\u00a0gesund.<\/p>\n<p>Kinder und j\u00fcngere Menschen wie Studenten, die einer hohen kognitiven Beanspruchung ausgesetzt sind und sich \u00fcber einen langen Zeitraum konzentrieren m\u00fcssen, ben\u00f6tigen einen hohen Energieausgleich. Q10 Magic Power liefert die n\u00f6tigen Reserven f\u00fcr eine verbesserte Konzentrationsf\u00e4higkeit. Durch einen gesunden Q10-Spiegel steigt die Lernf\u00e4higkeit und das allgemeine Wohlbefinden.\u00a0<\/p>\n<p>Dar\u00fcber hinaus wird auch die k\u00f6rperliche Leistung gesteigert. Q10 Magic Power bietet h\u00f6chste Bioverf\u00fcgbarkeit in kurzer Zeit. Somit stellen\u00a0kognitive wie auch physische Belastungen keine Herausforderung mehr da und die Regenerationsf\u00e4higkeit wird deutlich erh\u00f6ht.<\/p>\n<p><a href=\"https:\/\/www.q10magicpower.de\/cms\/?p=595\">Erfahren Sie mehr \u00fcber die Q10-Studie und den Q10-Spiegel\u2026<\/a><\/p>\n<\/div>\n<\/div>\n<div class=\"vc_empty_space\">\u00a0<\/div>\n<div class=\"wpb_text_column wpb_content_element \">\n<div class=\"wpb_wrapper\">\n<ul>\n<li>Verbesserung von Ged\u00e4chtnis, Konzentration und Lernen<\/li>\n<li>Verbesserung der kognitiven Funktion<\/li>\n<li>Unterst\u00fctzung der geistigen Leistung<\/li>\n<li>Verringerung von M\u00fcdigkeit und Erm\u00fcdung.<\/li>\n<\/ul>\n<\/div>\n<\/div>\n<\/div><\/section><\/div>\n\n<style type=\"text\/css\" data-created_by=\"avia_inline_auto\" id=\"style-css-av-28uz1-e6f93b408aed0fd4dab66fe743dca463\">\n.flex_column.av-28uz1-e6f93b408aed0fd4dab66fe743dca463{\nborder-radius:0px 0px 0px 0px;\npadding:0px 0px 0px 0px;\n}\n<\/style>\n<div  class='flex_column av-28uz1-e6f93b408aed0fd4dab66fe743dca463 av_one_half  avia-builder-el-3  el_after_av_one_half  el_before_av_one_full  flex_column_div av-zero-column-padding  '     ><style type=\"text\/css\" data-created_by=\"avia_inline_auto\" id=\"style-css-av-jz3plg3g-a525b9f25ef8ef0e0fc61006b46d2804\">\n.avia-image-container.av-jz3plg3g-a525b9f25ef8ef0e0fc61006b46d2804 img.avia_image{\nbox-shadow:none;\n}\n.avia-image-container.av-jz3plg3g-a525b9f25ef8ef0e0fc61006b46d2804 .av-image-caption-overlay-center{\ncolor:#ffffff;\n}\n<\/style>\n<div  class='avia-image-container av-jz3plg3g-a525b9f25ef8ef0e0fc61006b46d2804 av-styling- avia-align-center  avia-builder-el-4  avia-builder-el-no-sibling '   itemprop=\"image\" itemscope=\"itemscope\" itemtype=\"https:\/\/schema.org\/ImageObject\" ><div class=\"avia-image-container-inner\"><div class=\"avia-image-overlay-wrap\"><img decoding=\"async\" fetchpriority=\"high\" class='wp-image-620 avia-img-lazy-loading-not-620 avia_image ' src=\"https:\/\/www.q10magicpower.de\/cms\/wp-content\/uploads\/2017\/01\/q10mp-header-kids.jpg\" alt='Q10 Magic Power Schule und Sport' title='Q10 Magic Power Schule und Sport'  height=\"1080\" width=\"1920\"  itemprop=\"thumbnailUrl\" srcset=\"https:\/\/www.q10magicpower.de\/cms\/wp-content\/uploads\/2017\/01\/q10mp-header-kids.jpg 1920w, https:\/\/www.q10magicpower.de\/cms\/wp-content\/uploads\/2017\/01\/q10mp-header-kids-600x338.jpg 600w, https:\/\/www.q10magicpower.de\/cms\/wp-content\/uploads\/2017\/01\/q10mp-header-kids-300x169.jpg 300w, https:\/\/www.q10magicpower.de\/cms\/wp-content\/uploads\/2017\/01\/q10mp-header-kids-768x432.jpg 768w, https:\/\/www.q10magicpower.de\/cms\/wp-content\/uploads\/2017\/01\/q10mp-header-kids-1024x576.jpg 1024w\" sizes=\"(max-width: 1920px) 100vw, 1920px\" \/><\/div><\/div><\/div><\/div>\n\n<style type=\"text\/css\" data-created_by=\"avia_inline_auto\" id=\"style-css-av-hl459-672f35ce25c501c97b6994ff39d8011b\">\n.flex_column.av-hl459-672f35ce25c501c97b6994ff39d8011b{\nborder-radius:0px 0px 0px 0px;\npadding:0px 0px 0px 0px;\n}\n<\/style>\n<div  class='flex_column av-hl459-672f35ce25c501c97b6994ff39d8011b av_one_full  avia-builder-el-5  el_after_av_one_half  el_before_av_two_third  first flex_column_div av-zero-column-padding  column-top-margin'     ><style type=\"text\/css\" data-created_by=\"avia_inline_auto\" id=\"style-css-av-jgfo0vvo-731618772856c17e29807f8981715822\">\n.avia-image-container.av-jgfo0vvo-731618772856c17e29807f8981715822 img.avia_image{\nbox-shadow:none;\n}\n.avia-image-container.av-jgfo0vvo-731618772856c17e29807f8981715822 .av-image-caption-overlay-center{\ncolor:#ffffff;\n}\n<\/style>\n<div  class='avia-image-container av-jgfo0vvo-731618772856c17e29807f8981715822 av-styling- avia-align-center  avia-builder-el-6  avia-builder-el-no-sibling '   itemprop=\"image\" itemscope=\"itemscope\" itemtype=\"https:\/\/schema.org\/ImageObject\" ><div class=\"avia-image-container-inner\"><div class=\"avia-image-overlay-wrap\"><img decoding=\"async\" fetchpriority=\"high\" class='wp-image-4541 avia-img-lazy-loading-not-4541 avia_image ' src=\"https:\/\/www.q10magicpower.de\/cms\/wp-content\/uploads\/2019\/10\/Abschluss-zeile1450x140.png\" alt='' title='Abschluss-zeile1450x140'  height=\"140\" width=\"1472\"  itemprop=\"thumbnailUrl\" srcset=\"https:\/\/www.q10magicpower.de\/cms\/wp-content\/uploads\/2019\/10\/Abschluss-zeile1450x140.png 1472w, https:\/\/www.q10magicpower.de\/cms\/wp-content\/uploads\/2019\/10\/Abschluss-zeile1450x140-300x29.png 300w, https:\/\/www.q10magicpower.de\/cms\/wp-content\/uploads\/2019\/10\/Abschluss-zeile1450x140-768x73.png 768w, https:\/\/www.q10magicpower.de\/cms\/wp-content\/uploads\/2019\/10\/Abschluss-zeile1450x140-1030x98.png 1030w, https:\/\/www.q10magicpower.de\/cms\/wp-content\/uploads\/2019\/10\/Abschluss-zeile1450x140-705x67.png 705w, https:\/\/www.q10magicpower.de\/cms\/wp-content\/uploads\/2019\/10\/Abschluss-zeile1450x140-600x57.png 600w\" sizes=\"(max-width: 1472px) 100vw, 1472px\" \/><\/div><\/div><\/div><\/div>\n\n<style type=\"text\/css\" data-created_by=\"avia_inline_auto\" id=\"style-css-av-dsr71-3eb455a58b1b17d70a5c9536a41e0c1d\">\n.flex_column.av-dsr71-3eb455a58b1b17d70a5c9536a41e0c1d{\nborder-radius:0px 0px 0px 0px;\npadding:0px 0px 0px 0px;\n}\n<\/style>\n<div  class='flex_column av-dsr71-3eb455a58b1b17d70a5c9536a41e0c1d av_two_third  avia-builder-el-7  el_after_av_one_full  el_before_av_one_third  first flex_column_div av-zero-column-padding  column-top-margin'     ><section  class='av_textblock_section av-jgfo1c4j-1d89e11ce0262e3d536ec9f406c29818 '   itemscope=\"itemscope\" itemtype=\"https:\/\/schema.org\/CreativeWork\" ><div class='avia_textblock'  itemprop=\"text\" ><div class=\"wpb_text_column wpb_content_element \">\n<div class=\"wpb_wrapper\">\n<h2 class=\"vc_custom_heading\">Q10 MAGIC POWER Q-CELLPOWER<\/h2>\n<div class=\"wpb_text_column wpb_content_element \">\n<div class=\"wpb_wrapper\">\n<p>Nahrungserg\u00e4nzungsmittel mit S\u00fc\u00dfungsmittel\u00a0Stevia<\/p>\n<p>Hochdosiert <strong>Coenzym Q10 420mg + Q1 NADH 20mg<\/strong><\/p>\n<p>Bei stressbedingten Ersch\u00f6pfungszust\u00e4nden oder Mikron\u00e4hrstoffdefiziten bedarf der K\u00f6rper zus\u00e4tzlicher Unterst\u00fctzung. Gerade dann wird zus\u00e4tzliche Energie und eine schnelle St\u00e4rkung des Energiestoffwechels ben\u00f6tigt.<\/p>\n<\/div>\n<\/div>\n<div class=\"vc_empty_space\">\u00a0<\/div>\n<h3 class=\"vc_custom_heading\">LEISTUNGSSTARKE FORMEL<\/h3>\n<div class=\"wpb_text_column wpb_content_element \">\n<div class=\"wpb_wrapper\">\n<p>Die Inhaltsstoffe der Q10 Magic Power<sup>\u00ae<\/sup>\u00a0Mikron\u00e4hrstoffkombination kombinieren eine spezielle Zusammensetzung in einem aufwendig entwickelten Mikron\u00e4hrstoffkomplex.<\/p>\n<p>Ihr Ihrer Apotheke erh\u00e4ltlich: PZN:\u00a012740676<\/p>\n<p>Inhalt: 7 praktische Trinkfl\u00e4schchen zu je 25ml (gesamt 175ml).<\/p>\n<\/div>\n<\/div>\n<\/div>\n<\/div>\n<div class=\"wpb_text_column wpb_content_element \">\n<div class=\"wpb_wrapper\">\u00a0<\/div>\n<\/div>\n<\/div><\/section><\/div>\n\n<style type=\"text\/css\" data-created_by=\"avia_inline_auto\" id=\"style-css-av-8n4bp-bbf1ea649dde12c3a6c5f0397b2a85c3\">\n.flex_column.av-8n4bp-bbf1ea649dde12c3a6c5f0397b2a85c3{\nborder-radius:0px 0px 0px 0px;\npadding:0px 0px 0px 0px;\n}\n<\/style>\n<div  class='flex_column av-8n4bp-bbf1ea649dde12c3a6c5f0397b2a85c3 av_one_third  avia-builder-el-9  el_after_av_two_third  avia-builder-el-last  flex_column_div av-zero-column-padding  column-top-margin'     ><style type=\"text\/css\" data-created_by=\"avia_inline_auto\" id=\"style-css-av-jgfo2ro0-cf30d23c62282ec0d989cc0aeee511fe\">\n.avia-image-container.av-jgfo2ro0-cf30d23c62282ec0d989cc0aeee511fe img.avia_image{\nbox-shadow:none;\n}\n.avia-image-container.av-jgfo2ro0-cf30d23c62282ec0d989cc0aeee511fe .av-image-caption-overlay-center{\ncolor:#ffffff;\n}\n<\/style>\n<div  class='avia-image-container av-jgfo2ro0-cf30d23c62282ec0d989cc0aeee511fe av-styling- av-hover-grow av-img-linked avia-align-center  avia-builder-el-10  avia-builder-el-no-sibling '   itemprop=\"image\" itemscope=\"itemscope\" itemtype=\"https:\/\/schema.org\/ImageObject\" ><div class=\"avia-image-container-inner\"><div class=\"avia-image-overlay-wrap\"><a href=\"https:\/\/www.q10magicpower.de\/cms\/produkt\/q10-magic-power-q-cellpower\/\" class='avia_image '  aria-label='DSC_0009'><img decoding=\"async\" fetchpriority=\"high\" class='wp-image-4887 avia-img-lazy-loading-not-4887 avia_image ' src=\"https:\/\/www.q10magicpower.de\/cms\/wp-content\/uploads\/2019\/06\/DSC_0009-300x200.jpg\" alt='' title='DSC_0009'  height=\"200\" width=\"300\"  itemprop=\"thumbnailUrl\" srcset=\"https:\/\/www.q10magicpower.de\/cms\/wp-content\/uploads\/2019\/06\/DSC_0009-300x200.jpg 300w, https:\/\/www.q10magicpower.de\/cms\/wp-content\/uploads\/2019\/06\/DSC_0009-1030x687.jpg 1030w, https:\/\/www.q10magicpower.de\/cms\/wp-content\/uploads\/2019\/06\/DSC_0009-768x513.jpg 768w, https:\/\/www.q10magicpower.de\/cms\/wp-content\/uploads\/2019\/06\/DSC_0009-1536x1025.jpg 1536w, https:\/\/www.q10magicpower.de\/cms\/wp-content\/uploads\/2019\/06\/DSC_0009-2048x1367.jpg 2048w, https:\/\/www.q10magicpower.de\/cms\/wp-content\/uploads\/2019\/06\/DSC_0009-1500x1001.jpg 1500w, https:\/\/www.q10magicpower.de\/cms\/wp-content\/uploads\/2019\/06\/DSC_0009-705x471.jpg 705w, https:\/\/www.q10magicpower.de\/cms\/wp-content\/uploads\/2019\/06\/DSC_0009-600x400.jpg 600w\" sizes=\"(max-width: 300px) 100vw, 300px\" \/><\/a><\/div><\/div><\/div><\/div>\n","protected":false},"excerpt":{"rendered":"","protected":false},"author":1,"featured_media":620,"parent":57,"menu_order":0,"comment_status":"closed","ping_status":"closed","template":"","meta":{"ngg_post_thumbnail":0,"footnotes":""},"class_list":["post-621","page","type-page","status-publish","has-post-thumbnail","hentry"],"yoast_head":"<!-- This site is optimized with the Yoast SEO plugin v26.4 - https:\/\/yoast.com\/wordpress\/plugins\/seo\/ -->\n<title>Q10 MAGIC POWER\u00ae &#187; Q10 und Lernen<\/title>\n<meta name=\"description\" content=\"Q10 Magic Power\u00ae als Schutzfaktor, Leistungs- und Konzentrationsverst\u00e4rkung f\u00fcr Schule, Universit\u00e4t und Sport \u2013 nat\u00fcrlich und gesund.\" \/>\n<meta name=\"robots\" content=\"index, follow, max-snippet:-1, max-image-preview:large, max-video-preview:-1\" \/>\n<link rel=\"canonical\" href=\"https:\/\/www.q10magicpower.de\/cms\/produkte\/q10-schule\/\" \/>\n<meta property=\"og:locale\" content=\"de_DE\" \/>\n<meta property=\"og:type\" content=\"article\" \/>\n<meta property=\"og:title\" content=\"Q10 MAGIC POWER\u00ae &#187; Q10 und Lernen\" \/>\n<meta property=\"og:description\" content=\"Q10 Magic Power\u00ae als Schutzfaktor, Leistungs- und Konzentrationsverst\u00e4rkung f\u00fcr Schule, Universit\u00e4t und Sport \u2013 nat\u00fcrlich und gesund.\" \/>\n<meta property=\"og:url\" content=\"https:\/\/www.q10magicpower.de\/cms\/produkte\/q10-schule\/\" \/>\n<meta property=\"og:site_name\" content=\"Q10 MAGIC POWER\u00ae\" \/>\n<meta property=\"article:publisher\" content=\"https:\/\/www.facebook.com\/www.q10magicpower.de\/\" \/>\n<meta property=\"article:modified_time\" content=\"2020-02-13T10:29:47+00:00\" \/>\n<meta property=\"og:image\" content=\"https:\/\/www.q10magicpower.de\/cms\/wp-content\/uploads\/2017\/01\/q10mp-header-kids.jpg\" \/>\n\t<meta property=\"og:image:width\" content=\"1920\" \/>\n\t<meta property=\"og:image:height\" content=\"1080\" \/>\n\t<meta property=\"og:image:type\" content=\"image\/jpeg\" \/>\n<meta name=\"twitter:card\" content=\"summary_large_image\" \/>\n<meta name=\"twitter:label1\" content=\"Gesch\u00e4tzte Lesezeit\" \/>\n\t<meta name=\"twitter:data1\" content=\"5\u00a0Minuten\" \/>\n<script type=\"application\/ld+json\" class=\"yoast-schema-graph\">{\"@context\":\"https:\/\/schema.org\",\"@graph\":[{\"@type\":\"WebPage\",\"@id\":\"https:\/\/www.q10magicpower.de\/cms\/produkte\/q10-schule\/\",\"url\":\"https:\/\/www.q10magicpower.de\/cms\/produkte\/q10-schule\/\",\"name\":\"Q10 MAGIC POWER\u00ae &#187; Q10 und Lernen\",\"isPartOf\":{\"@id\":\"https:\/\/www.q10magicpower.de\/cms\/#website\"},\"primaryImageOfPage\":{\"@id\":\"https:\/\/www.q10magicpower.de\/cms\/produkte\/q10-schule\/#primaryimage\"},\"image\":{\"@id\":\"https:\/\/www.q10magicpower.de\/cms\/produkte\/q10-schule\/#primaryimage\"},\"thumbnailUrl\":\"https:\/\/www.q10magicpower.de\/cms\/wp-content\/uploads\/2017\/01\/q10mp-header-kids.jpg\",\"datePublished\":\"2017-01-06T10:48:36+00:00\",\"dateModified\":\"2020-02-13T10:29:47+00:00\",\"description\":\"Q10 Magic Power\u00ae als Schutzfaktor, Leistungs- und Konzentrationsverst\u00e4rkung f\u00fcr Schule, Universit\u00e4t und Sport \u2013 nat\u00fcrlich und gesund.\",\"breadcrumb\":{\"@id\":\"https:\/\/www.q10magicpower.de\/cms\/produkte\/q10-schule\/#breadcrumb\"},\"inLanguage\":\"de\",\"potentialAction\":[{\"@type\":\"ReadAction\",\"target\":[\"https:\/\/www.q10magicpower.de\/cms\/produkte\/q10-schule\/\"]}]},{\"@type\":\"ImageObject\",\"inLanguage\":\"de\",\"@id\":\"https:\/\/www.q10magicpower.de\/cms\/produkte\/q10-schule\/#primaryimage\",\"url\":\"https:\/\/www.q10magicpower.de\/cms\/wp-content\/uploads\/2017\/01\/q10mp-header-kids.jpg\",\"contentUrl\":\"https:\/\/www.q10magicpower.de\/cms\/wp-content\/uploads\/2017\/01\/q10mp-header-kids.jpg\",\"width\":1920,\"height\":1080,\"caption\":\"Q10 Magic Power Schule und Sport\"},{\"@type\":\"BreadcrumbList\",\"@id\":\"https:\/\/www.q10magicpower.de\/cms\/produkte\/q10-schule\/#breadcrumb\",\"itemListElement\":[{\"@type\":\"ListItem\",\"position\":1,\"name\":\"Startseite\",\"item\":\"https:\/\/www.q10magicpower.de\/cms\/\"},{\"@type\":\"ListItem\",\"position\":2,\"name\":\"Informationen\",\"item\":\"https:\/\/www.q10magicpower.de\/cms\/produkte\/\"},{\"@type\":\"ListItem\",\"position\":3,\"name\":\"Q10 und Lernen\"}]},{\"@type\":\"WebSite\",\"@id\":\"https:\/\/www.q10magicpower.de\/cms\/#website\",\"url\":\"https:\/\/www.q10magicpower.de\/cms\/\",\"name\":\"Q10 MAGIC POWER\u00ae\",\"description\":\"Aktivator f\u00fcr K\u00f6rper und Geist\",\"publisher\":{\"@id\":\"https:\/\/www.q10magicpower.de\/cms\/#organization\"},\"potentialAction\":[{\"@type\":\"SearchAction\",\"target\":{\"@type\":\"EntryPoint\",\"urlTemplate\":\"https:\/\/www.q10magicpower.de\/cms\/?s={search_term_string}\"},\"query-input\":{\"@type\":\"PropertyValueSpecification\",\"valueRequired\":true,\"valueName\":\"search_term_string\"}}],\"inLanguage\":\"de\"},{\"@type\":\"Organization\",\"@id\":\"https:\/\/www.q10magicpower.de\/cms\/#organization\",\"name\":\"Q10 Magic Power - SCHNELL - EINFACH - DIREKT -\",\"url\":\"https:\/\/www.q10magicpower.de\/cms\/\",\"logo\":{\"@type\":\"ImageObject\",\"inLanguage\":\"de\",\"@id\":\"https:\/\/www.q10magicpower.de\/cms\/#\/schema\/logo\/image\/\",\"url\":\"https:\/\/www.q10magicpower.de\/cms\/wp-content\/uploads\/2019\/09\/neuer-werbebanner.png\",\"contentUrl\":\"https:\/\/www.q10magicpower.de\/cms\/wp-content\/uploads\/2019\/09\/neuer-werbebanner.png\",\"width\":1024,\"height\":524,\"caption\":\"Q10 Magic Power - SCHNELL - EINFACH - DIREKT -\"},\"image\":{\"@id\":\"https:\/\/www.q10magicpower.de\/cms\/#\/schema\/logo\/image\/\"},\"sameAs\":[\"https:\/\/www.facebook.com\/www.q10magicpower.de\/\",\"https:\/\/www.instagram.com\/q10_magic_power\/\",\"https:\/\/www.youtube.com\/channel\/UCqGTr1w6DJo7EIGuolhUoXA\"]}]}<\/script>\n<!-- \/ Yoast SEO plugin. -->","yoast_head_json":{"title":"Q10 MAGIC POWER\u00ae &#187; Q10 und Lernen","description":"Q10 Magic Power\u00ae als Schutzfaktor, Leistungs- und Konzentrationsverst\u00e4rkung f\u00fcr Schule, Universit\u00e4t und Sport \u2013 nat\u00fcrlich und gesund.","robots":{"index":"index","follow":"follow","max-snippet":"max-snippet:-1","max-image-preview":"max-image-preview:large","max-video-preview":"max-video-preview:-1"},"canonical":"https:\/\/www.q10magicpower.de\/cms\/produkte\/q10-schule\/","og_locale":"de_DE","og_type":"article","og_title":"Q10 MAGIC POWER\u00ae &#187; Q10 und Lernen","og_description":"Q10 Magic Power\u00ae als Schutzfaktor, Leistungs- und Konzentrationsverst\u00e4rkung f\u00fcr Schule, Universit\u00e4t und Sport \u2013 nat\u00fcrlich und gesund.","og_url":"https:\/\/www.q10magicpower.de\/cms\/produkte\/q10-schule\/","og_site_name":"Q10 MAGIC POWER\u00ae","article_publisher":"https:\/\/www.facebook.com\/www.q10magicpower.de\/","article_modified_time":"2020-02-13T10:29:47+00:00","og_image":[{"width":1920,"height":1080,"url":"https:\/\/www.q10magicpower.de\/cms\/wp-content\/uploads\/2017\/01\/q10mp-header-kids.jpg","type":"image\/jpeg"}],"twitter_card":"summary_large_image","twitter_misc":{"Gesch\u00e4tzte Lesezeit":"5\u00a0Minuten"},"schema":{"@context":"https:\/\/schema.org","@graph":[{"@type":"WebPage","@id":"https:\/\/www.q10magicpower.de\/cms\/produkte\/q10-schule\/","url":"https:\/\/www.q10magicpower.de\/cms\/produkte\/q10-schule\/","name":"Q10 MAGIC POWER\u00ae &#187; Q10 und Lernen","isPartOf":{"@id":"https:\/\/www.q10magicpower.de\/cms\/#website"},"primaryImageOfPage":{"@id":"https:\/\/www.q10magicpower.de\/cms\/produkte\/q10-schule\/#primaryimage"},"image":{"@id":"https:\/\/www.q10magicpower.de\/cms\/produkte\/q10-schule\/#primaryimage"},"thumbnailUrl":"https:\/\/www.q10magicpower.de\/cms\/wp-content\/uploads\/2017\/01\/q10mp-header-kids.jpg","datePublished":"2017-01-06T10:48:36+00:00","dateModified":"2020-02-13T10:29:47+00:00","description":"Q10 Magic Power\u00ae als Schutzfaktor, Leistungs- und Konzentrationsverst\u00e4rkung f\u00fcr Schule, Universit\u00e4t und Sport \u2013 nat\u00fcrlich und gesund.","breadcrumb":{"@id":"https:\/\/www.q10magicpower.de\/cms\/produkte\/q10-schule\/#breadcrumb"},"inLanguage":"de","potentialAction":[{"@type":"ReadAction","target":["https:\/\/www.q10magicpower.de\/cms\/produkte\/q10-schule\/"]}]},{"@type":"ImageObject","inLanguage":"de","@id":"https:\/\/www.q10magicpower.de\/cms\/produkte\/q10-schule\/#primaryimage","url":"https:\/\/www.q10magicpower.de\/cms\/wp-content\/uploads\/2017\/01\/q10mp-header-kids.jpg","contentUrl":"https:\/\/www.q10magicpower.de\/cms\/wp-content\/uploads\/2017\/01\/q10mp-header-kids.jpg","width":1920,"height":1080,"caption":"Q10 Magic Power Schule und Sport"},{"@type":"BreadcrumbList","@id":"https:\/\/www.q10magicpower.de\/cms\/produkte\/q10-schule\/#breadcrumb","itemListElement":[{"@type":"ListItem","position":1,"name":"Startseite","item":"https:\/\/www.q10magicpower.de\/cms\/"},{"@type":"ListItem","position":2,"name":"Informationen","item":"https:\/\/www.q10magicpower.de\/cms\/produkte\/"},{"@type":"ListItem","position":3,"name":"Q10 und Lernen"}]},{"@type":"WebSite","@id":"https:\/\/www.q10magicpower.de\/cms\/#website","url":"https:\/\/www.q10magicpower.de\/cms\/","name":"Q10 MAGIC POWER\u00ae","description":"Aktivator f\u00fcr K\u00f6rper und Geist","publisher":{"@id":"https:\/\/www.q10magicpower.de\/cms\/#organization"},"potentialAction":[{"@type":"SearchAction","target":{"@type":"EntryPoint","urlTemplate":"https:\/\/www.q10magicpower.de\/cms\/?s={search_term_string}"},"query-input":{"@type":"PropertyValueSpecification","valueRequired":true,"valueName":"search_term_string"}}],"inLanguage":"de"},{"@type":"Organization","@id":"https:\/\/www.q10magicpower.de\/cms\/#organization","name":"Q10 Magic Power - SCHNELL - EINFACH - DIREKT -","url":"https:\/\/www.q10magicpower.de\/cms\/","logo":{"@type":"ImageObject","inLanguage":"de","@id":"https:\/\/www.q10magicpower.de\/cms\/#\/schema\/logo\/image\/","url":"https:\/\/www.q10magicpower.de\/cms\/wp-content\/uploads\/2019\/09\/neuer-werbebanner.png","contentUrl":"https:\/\/www.q10magicpower.de\/cms\/wp-content\/uploads\/2019\/09\/neuer-werbebanner.png","width":1024,"height":524,"caption":"Q10 Magic Power - SCHNELL - EINFACH - DIREKT -"},"image":{"@id":"https:\/\/www.q10magicpower.de\/cms\/#\/schema\/logo\/image\/"},"sameAs":["https:\/\/www.facebook.com\/www.q10magicpower.de\/","https:\/\/www.instagram.com\/q10_magic_power\/","https:\/\/www.youtube.com\/channel\/UCqGTr1w6DJo7EIGuolhUoXA"]}]}},"_links":{"self":[{"href":"https:\/\/www.q10magicpower.de\/cms\/wp-json\/wp\/v2\/pages\/621","targetHints":{"allow":["GET"]}}],"collection":[{"href":"https:\/\/www.q10magicpower.de\/cms\/wp-json\/wp\/v2\/pages"}],"about":[{"href":"https:\/\/www.q10magicpower.de\/cms\/wp-json\/wp\/v2\/types\/page"}],"author":[{"embeddable":true,"href":"https:\/\/www.q10magicpower.de\/cms\/wp-json\/wp\/v2\/users\/1"}],"replies":[{"embeddable":true,"href":"https:\/\/www.q10magicpower.de\/cms\/wp-json\/wp\/v2\/comments?post=621"}],"version-history":[{"count":15,"href":"https:\/\/www.q10magicpower.de\/cms\/wp-json\/wp\/v2\/pages\/621\/revisions"}],"predecessor-version":[{"id":4935,"href":"https:\/\/www.q10magicpower.de\/cms\/wp-json\/wp\/v2\/pages\/621\/revisions\/4935"}],"up":[{"embeddable":true,"href":"https:\/\/www.q10magicpower.de\/cms\/wp-json\/wp\/v2\/pages\/57"}],"wp:featuredmedia":[{"embeddable":true,"href":"https:\/\/www.q10magicpower.de\/cms\/wp-json\/wp\/v2\/media\/620"}],"wp:attachment":[{"href":"https:\/\/www.q10magicpower.de\/cms\/wp-json\/wp\/v2\/media?parent=621"}],"curies":[{"name":"wp","href":"https:\/\/api.w.org\/{rel}","templated":true}]}}