{"id":4051,"date":"2019-06-08T07:34:43","date_gmt":"2019-06-08T05:34:43","guid":{"rendered":"https:\/\/www.q10magicpower.de\/cms\/?post_type=product&#038;p=4051"},"modified":"2026-04-08T14:20:49","modified_gmt":"2026-04-08T12:20:49","slug":"quartals-packung-12xq10-magic-power-q-cellpower","status":"publish","type":"product","link":"https:\/\/www.q10magicpower.de\/cms\/produkt\/quartals-packung-12xq10-magic-power-q-cellpower\/","title":{"rendered":"*Exklusive Paket*  12 x 7 Fl. Q-CELLPOWER \u00e0 25ml Apotheken PZN:19556527"},"content":{"rendered":"<p><strong><img loading=\"lazy\" decoding=\"async\" class=\"alignleft wp-image-8769\" src=\"https:\/\/www.q10magicpower.de\/cms\/wp-content\/uploads\/2026\/04\/Q10MP-BlattTEXT-300x300.gif\" alt=\"\" width=\"200\" height=\"200\" srcset=\"https:\/\/www.q10magicpower.de\/cms\/wp-content\/uploads\/2026\/04\/Q10MP-BlattTEXT-300x300.gif 300w, https:\/\/www.q10magicpower.de\/cms\/wp-content\/uploads\/2026\/04\/Q10MP-BlattTEXT-80x80.gif 80w, https:\/\/www.q10magicpower.de\/cms\/wp-content\/uploads\/2026\/04\/Q10MP-BlattTEXT-36x36.gif 36w, https:\/\/www.q10magicpower.de\/cms\/wp-content\/uploads\/2026\/04\/Q10MP-BlattTEXT-180x180.gif 180w, https:\/\/www.q10magicpower.de\/cms\/wp-content\/uploads\/2026\/04\/Q10MP-BlattTEXT-705x705.gif 705w, https:\/\/www.q10magicpower.de\/cms\/wp-content\/uploads\/2026\/04\/Q10MP-BlattTEXT-100x100.gif 100w, https:\/\/www.q10magicpower.de\/cms\/wp-content\/uploads\/2026\/04\/Q10MP-BlattTEXT-600x600.gif 600w\" sizes=\"auto, (max-width: 200px) 100vw, 200px\" \/>Anwendung:<\/strong>&nbsp;Wir empfehlen die ersten vier bis acht Wochen konstant jeden Tag eine Trinkampulle zu sich zu nehmen. Nach den ersten vier bis acht Wochen kann man es nach Bedarf einnehmen.<\/p>\n<p><strong>Zutaten: <\/strong>Wasser; Orangensaftkonzentrat; Nachtkerzen\u00f6l; D-Ribose; Coenzym Q10; DL-alpha-Tocopherylacetat (Vitamin E); Zinkgluconat; Konservierungsstoffe: (Natriumbenzoat, Kaliumsorbat); Aroma; Emulgator: Polysorbat 80; S\u00fc\u00dfungsmittel: Steviolglycoside; NADH (Nicotinamidadenindinukleotid); Mangangluconat; Nicotinamid (Niacin); Kupfergluconat; Calcium-D-pantothenat (Pantothens\u00e4ure); Retinylpalmitat (Vitamin A); Riboflavin 5\u2018-phosphate, Natrium (Vitamin B2); Pyridoxinhydrochlorid (Vitamin B6); Thiaminmononitrat (Vitamin B1); Natriumselenat; Phytomenadion (Vitamin K1); Menachinon-7 (Vitamin K2 MK7); Cholecalciferol (Vitamin D3); Pteroylmonoglutamins\u00e4ure (Fols\u00e4ure); Kaliumiodid; Methylocobalamin (Vitamin B12). Die Analysewerte, Optik und Geschmack unterliegen den bei Erzeugnissen aus Naturprodukten \u00fcblichen Schwankungen.<\/p>\n","protected":false},"excerpt":{"rendered":"<p><strong>Zur Aufrechterhaltung von mitochondrialer Zellenergie.<\/strong><\/p>\n<p>\u2705 Inhalt: 12 x 7 Fl. \u00e0 25 ml<\/p>\n<p>\u2705 Trinkemulsion zur optimalen Versorgung der menschlichen Zellen<\/p>\n<p>\u2705 Verbesserung der eigenen Vitalit\u00e4t und dem Wohlbefinden<\/p>\n<p>\u2705 NADH Q1 &#8211; Aktivator f\u00fcr die Gehirnzellen<\/p>\n<p>\u2705 Bioverf\u00fcgbarkeit binnen 30min (medizinisch nachgewiesen)<\/p>\n<p>\u2705 Coenzym Q10 (Ubichinon) und NADH (Q1) sind starke Antioxidantien<\/p>\n<p>\u2705 &nbsp;Nach 5 w\u00f6chiger Einnahme ist ein deutlicher erh\u00f6hter Coenzym Q10 Spiegel nachweisbar (medizinisch nachgewiesen)<\/p>\n<p>\u2705 Entz\u00fcndungshemmend und regenerativ wirkend<\/p>\n<p>\u2705 100% nat\u00fcrliches Pr\u00e4parat<\/p>\n<p>\u2705 Keine k\u00fcnstlichen Aromen, Konservierungsstoffe oder Farbstoffe (Coenzym Q10 ist in nat\u00fcrlicher Form orange)<\/p>\n<p>\u2705 Die Analysewerte, Optik und Geschmack unterliegen den bei Erzeugnissen aus Naturprodukten \u00fcblichen Schwankungen.<\/p>\n<p><strong>Lass deine Gesundheit von der Kraft der Pflanzen und unseren Erkenntnissen profitieren.<\/strong><\/p>\n<p><strong>Tritt den t\u00e4glichen geistigen und k\u00f6rperlichen Herausforderungen mit Q10 Magic Power<sup>\u00ae<\/sup>&nbsp;getrost entgegen.<\/strong><\/p>\n<p>Mikron\u00e4hrstoffkombination mit S\u00fc\u00dfungsmittel&nbsp;Stevia, Citrus Geschmack, hochdosiert&nbsp;Coenzym Q10 420&nbsp;mg und Q1 NADH 20&nbsp;mg.<\/p>\n<p>&nbsp;<\/p>\n<p><strong>Versandkostenfrei<\/strong><\/p>\n","protected":false},"featured_media":8722,"comment_status":"open","ping_status":"closed","template":"","meta":{"ngg_post_thumbnail":0},"class_list":["post-4051","product","type-product","status-publish","has-post-thumbnail","hentry","product_cat-nahrungsergaenzungsmittel","product_tag-energie","product_tag-mikronaehrstoffkombination","product_tag-nahrungsergaenzungsmittel","product_shipping_class-kostenloserversand-deutschland"],"yoast_head":"<!-- This site is optimized with the Yoast SEO plugin v26.4 - https:\/\/yoast.com\/wordpress\/plugins\/seo\/ -->\n<title>&#187; *Exklusive Paket* 12 x 7 Fl. Q-CELLPOWER \u00e0 25ml Apotheken PZN:19556527<\/title>\n<meta name=\"description\" content=\"&#187; Zur Aufrechterhaltung mitochondrialer Energie. &#187; Lass deine Gesundheit von der Kraft der Pflanzen und unseren Erkenntnissen profitieren.\" \/>\n<meta name=\"robots\" content=\"index, follow, max-snippet:-1, max-image-preview:large, max-video-preview:-1\" \/>\n<link rel=\"canonical\" href=\"https:\/\/www.q10magicpower.de\/cms\/produkt\/quartals-packung-12xq10-magic-power-q-cellpower\/\" \/>\n<meta property=\"og:locale\" content=\"de_DE\" \/>\n<meta property=\"og:type\" content=\"article\" \/>\n<meta property=\"og:title\" content=\"&#187; *Exklusive Paket* 12 x 7 Fl. Q-CELLPOWER \u00e0 25ml Apotheken PZN:19556527\" \/>\n<meta property=\"og:description\" content=\"&#187; Zur Aufrechterhaltung mitochondrialer Energie. &#187; Lass deine Gesundheit von der Kraft der Pflanzen und unseren Erkenntnissen profitieren.\" \/>\n<meta property=\"og:url\" content=\"https:\/\/www.q10magicpower.de\/cms\/produkt\/quartals-packung-12xq10-magic-power-q-cellpower\/\" \/>\n<meta property=\"og:site_name\" content=\"Q10 MAGIC POWER\u00ae\" \/>\n<meta property=\"article:publisher\" content=\"https:\/\/www.facebook.com\/www.q10magicpower.de\/\" \/>\n<meta property=\"article:modified_time\" content=\"2026-04-08T12:20:49+00:00\" \/>\n<meta property=\"og:image\" content=\"https:\/\/www.q10magicpower.de\/cms\/wp-content\/uploads\/2018\/01\/Q10-18_frontal_2026.jpg\" \/>\n\t<meta property=\"og:image:width\" content=\"600\" \/>\n\t<meta property=\"og:image:height\" content=\"600\" \/>\n\t<meta property=\"og:image:type\" content=\"image\/jpeg\" \/>\n<meta name=\"twitter:card\" content=\"summary_large_image\" \/>\n<meta name=\"twitter:label1\" content=\"Gesch\u00e4tzte Lesezeit\" \/>\n\t<meta name=\"twitter:data1\" content=\"1\u00a0Minute\" \/>\n<script type=\"application\/ld+json\" class=\"yoast-schema-graph\">{\"@context\":\"https:\/\/schema.org\",\"@graph\":[{\"@type\":\"WebPage\",\"@id\":\"https:\/\/www.q10magicpower.de\/cms\/produkt\/quartals-packung-12xq10-magic-power-q-cellpower\/\",\"url\":\"https:\/\/www.q10magicpower.de\/cms\/produkt\/quartals-packung-12xq10-magic-power-q-cellpower\/\",\"name\":\"&#187; *Exklusive Paket* 12 x 7 Fl. Q-CELLPOWER \u00e0 25ml Apotheken PZN:19556527\",\"isPartOf\":{\"@id\":\"https:\/\/www.q10magicpower.de\/cms\/#website\"},\"primaryImageOfPage\":{\"@id\":\"https:\/\/www.q10magicpower.de\/cms\/produkt\/quartals-packung-12xq10-magic-power-q-cellpower\/#primaryimage\"},\"image\":{\"@id\":\"https:\/\/www.q10magicpower.de\/cms\/produkt\/quartals-packung-12xq10-magic-power-q-cellpower\/#primaryimage\"},\"thumbnailUrl\":\"https:\/\/www.q10magicpower.de\/cms\/wp-content\/uploads\/2018\/01\/Q10-18_frontal_2026.jpg\",\"datePublished\":\"2019-06-08T05:34:43+00:00\",\"dateModified\":\"2026-04-08T12:20:49+00:00\",\"description\":\"&#187; Zur Aufrechterhaltung mitochondrialer Energie. &#187; Lass deine Gesundheit von der Kraft der Pflanzen und unseren Erkenntnissen profitieren.\",\"breadcrumb\":{\"@id\":\"https:\/\/www.q10magicpower.de\/cms\/produkt\/quartals-packung-12xq10-magic-power-q-cellpower\/#breadcrumb\"},\"inLanguage\":\"de\",\"potentialAction\":[{\"@type\":\"ReadAction\",\"target\":[\"https:\/\/www.q10magicpower.de\/cms\/produkt\/quartals-packung-12xq10-magic-power-q-cellpower\/\"]}]},{\"@type\":\"ImageObject\",\"inLanguage\":\"de\",\"@id\":\"https:\/\/www.q10magicpower.de\/cms\/produkt\/quartals-packung-12xq10-magic-power-q-cellpower\/#primaryimage\",\"url\":\"https:\/\/www.q10magicpower.de\/cms\/wp-content\/uploads\/2018\/01\/Q10-18_frontal_2026.jpg\",\"contentUrl\":\"https:\/\/www.q10magicpower.de\/cms\/wp-content\/uploads\/2018\/01\/Q10-18_frontal_2026.jpg\",\"width\":600,\"height\":600},{\"@type\":\"BreadcrumbList\",\"@id\":\"https:\/\/www.q10magicpower.de\/cms\/produkt\/quartals-packung-12xq10-magic-power-q-cellpower\/#breadcrumb\",\"itemListElement\":[{\"@type\":\"ListItem\",\"position\":1,\"name\":\"Startseite\",\"item\":\"https:\/\/www.q10magicpower.de\/cms\/\"},{\"@type\":\"ListItem\",\"position\":2,\"name\":\"Shop\",\"item\":\"https:\/\/www.q10magicpower.de\/cms\/shop-2\/\"},{\"@type\":\"ListItem\",\"position\":3,\"name\":\"*Exklusive Paket* 12 x 7 Fl. Q-CELLPOWER \u00e0 25ml Apotheken PZN:19556527\"}]},{\"@type\":\"WebSite\",\"@id\":\"https:\/\/www.q10magicpower.de\/cms\/#website\",\"url\":\"https:\/\/www.q10magicpower.de\/cms\/\",\"name\":\"Q10 MAGIC POWER\u00ae\",\"description\":\"Aktivator f\u00fcr K\u00f6rper und Geist\",\"publisher\":{\"@id\":\"https:\/\/www.q10magicpower.de\/cms\/#organization\"},\"potentialAction\":[{\"@type\":\"SearchAction\",\"target\":{\"@type\":\"EntryPoint\",\"urlTemplate\":\"https:\/\/www.q10magicpower.de\/cms\/?s={search_term_string}\"},\"query-input\":{\"@type\":\"PropertyValueSpecification\",\"valueRequired\":true,\"valueName\":\"search_term_string\"}}],\"inLanguage\":\"de\"},{\"@type\":\"Organization\",\"@id\":\"https:\/\/www.q10magicpower.de\/cms\/#organization\",\"name\":\"Q10 Magic Power - SCHNELL - EINFACH - DIREKT -\",\"url\":\"https:\/\/www.q10magicpower.de\/cms\/\",\"logo\":{\"@type\":\"ImageObject\",\"inLanguage\":\"de\",\"@id\":\"https:\/\/www.q10magicpower.de\/cms\/#\/schema\/logo\/image\/\",\"url\":\"https:\/\/www.q10magicpower.de\/cms\/wp-content\/uploads\/2019\/09\/neuer-werbebanner.png\",\"contentUrl\":\"https:\/\/www.q10magicpower.de\/cms\/wp-content\/uploads\/2019\/09\/neuer-werbebanner.png\",\"width\":1024,\"height\":524,\"caption\":\"Q10 Magic Power - SCHNELL - EINFACH - DIREKT -\"},\"image\":{\"@id\":\"https:\/\/www.q10magicpower.de\/cms\/#\/schema\/logo\/image\/\"},\"sameAs\":[\"https:\/\/www.facebook.com\/www.q10magicpower.de\/\",\"https:\/\/www.instagram.com\/q10_magic_power\/\",\"https:\/\/www.youtube.com\/channel\/UCqGTr1w6DJo7EIGuolhUoXA\"]}]}<\/script>\n<!-- \/ Yoast SEO plugin. -->","yoast_head_json":{"title":"&#187; *Exklusive Paket* 12 x 7 Fl. Q-CELLPOWER \u00e0 25ml Apotheken PZN:19556527","description":"&#187; Zur Aufrechterhaltung mitochondrialer Energie. &#187; Lass deine Gesundheit von der Kraft der Pflanzen und unseren Erkenntnissen profitieren.","robots":{"index":"index","follow":"follow","max-snippet":"max-snippet:-1","max-image-preview":"max-image-preview:large","max-video-preview":"max-video-preview:-1"},"canonical":"https:\/\/www.q10magicpower.de\/cms\/produkt\/quartals-packung-12xq10-magic-power-q-cellpower\/","og_locale":"de_DE","og_type":"article","og_title":"&#187; *Exklusive Paket* 12 x 7 Fl. Q-CELLPOWER \u00e0 25ml Apotheken PZN:19556527","og_description":"&#187; Zur Aufrechterhaltung mitochondrialer Energie. &#187; Lass deine Gesundheit von der Kraft der Pflanzen und unseren Erkenntnissen profitieren.","og_url":"https:\/\/www.q10magicpower.de\/cms\/produkt\/quartals-packung-12xq10-magic-power-q-cellpower\/","og_site_name":"Q10 MAGIC POWER\u00ae","article_publisher":"https:\/\/www.facebook.com\/www.q10magicpower.de\/","article_modified_time":"2026-04-08T12:20:49+00:00","og_image":[{"width":600,"height":600,"url":"https:\/\/www.q10magicpower.de\/cms\/wp-content\/uploads\/2018\/01\/Q10-18_frontal_2026.jpg","type":"image\/jpeg"}],"twitter_card":"summary_large_image","twitter_misc":{"Gesch\u00e4tzte Lesezeit":"1\u00a0Minute"},"schema":{"@context":"https:\/\/schema.org","@graph":[{"@type":"WebPage","@id":"https:\/\/www.q10magicpower.de\/cms\/produkt\/quartals-packung-12xq10-magic-power-q-cellpower\/","url":"https:\/\/www.q10magicpower.de\/cms\/produkt\/quartals-packung-12xq10-magic-power-q-cellpower\/","name":"&#187; *Exklusive Paket* 12 x 7 Fl. Q-CELLPOWER \u00e0 25ml Apotheken PZN:19556527","isPartOf":{"@id":"https:\/\/www.q10magicpower.de\/cms\/#website"},"primaryImageOfPage":{"@id":"https:\/\/www.q10magicpower.de\/cms\/produkt\/quartals-packung-12xq10-magic-power-q-cellpower\/#primaryimage"},"image":{"@id":"https:\/\/www.q10magicpower.de\/cms\/produkt\/quartals-packung-12xq10-magic-power-q-cellpower\/#primaryimage"},"thumbnailUrl":"https:\/\/www.q10magicpower.de\/cms\/wp-content\/uploads\/2018\/01\/Q10-18_frontal_2026.jpg","datePublished":"2019-06-08T05:34:43+00:00","dateModified":"2026-04-08T12:20:49+00:00","description":"&#187; Zur Aufrechterhaltung mitochondrialer Energie. &#187; Lass deine Gesundheit von der Kraft der Pflanzen und unseren Erkenntnissen profitieren.","breadcrumb":{"@id":"https:\/\/www.q10magicpower.de\/cms\/produkt\/quartals-packung-12xq10-magic-power-q-cellpower\/#breadcrumb"},"inLanguage":"de","potentialAction":[{"@type":"ReadAction","target":["https:\/\/www.q10magicpower.de\/cms\/produkt\/quartals-packung-12xq10-magic-power-q-cellpower\/"]}]},{"@type":"ImageObject","inLanguage":"de","@id":"https:\/\/www.q10magicpower.de\/cms\/produkt\/quartals-packung-12xq10-magic-power-q-cellpower\/#primaryimage","url":"https:\/\/www.q10magicpower.de\/cms\/wp-content\/uploads\/2018\/01\/Q10-18_frontal_2026.jpg","contentUrl":"https:\/\/www.q10magicpower.de\/cms\/wp-content\/uploads\/2018\/01\/Q10-18_frontal_2026.jpg","width":600,"height":600},{"@type":"BreadcrumbList","@id":"https:\/\/www.q10magicpower.de\/cms\/produkt\/quartals-packung-12xq10-magic-power-q-cellpower\/#breadcrumb","itemListElement":[{"@type":"ListItem","position":1,"name":"Startseite","item":"https:\/\/www.q10magicpower.de\/cms\/"},{"@type":"ListItem","position":2,"name":"Shop","item":"https:\/\/www.q10magicpower.de\/cms\/shop-2\/"},{"@type":"ListItem","position":3,"name":"*Exklusive Paket* 12 x 7 Fl. Q-CELLPOWER \u00e0 25ml Apotheken PZN:19556527"}]},{"@type":"WebSite","@id":"https:\/\/www.q10magicpower.de\/cms\/#website","url":"https:\/\/www.q10magicpower.de\/cms\/","name":"Q10 MAGIC POWER\u00ae","description":"Aktivator f\u00fcr K\u00f6rper und Geist","publisher":{"@id":"https:\/\/www.q10magicpower.de\/cms\/#organization"},"potentialAction":[{"@type":"SearchAction","target":{"@type":"EntryPoint","urlTemplate":"https:\/\/www.q10magicpower.de\/cms\/?s={search_term_string}"},"query-input":{"@type":"PropertyValueSpecification","valueRequired":true,"valueName":"search_term_string"}}],"inLanguage":"de"},{"@type":"Organization","@id":"https:\/\/www.q10magicpower.de\/cms\/#organization","name":"Q10 Magic Power - SCHNELL - EINFACH - DIREKT -","url":"https:\/\/www.q10magicpower.de\/cms\/","logo":{"@type":"ImageObject","inLanguage":"de","@id":"https:\/\/www.q10magicpower.de\/cms\/#\/schema\/logo\/image\/","url":"https:\/\/www.q10magicpower.de\/cms\/wp-content\/uploads\/2019\/09\/neuer-werbebanner.png","contentUrl":"https:\/\/www.q10magicpower.de\/cms\/wp-content\/uploads\/2019\/09\/neuer-werbebanner.png","width":1024,"height":524,"caption":"Q10 Magic Power - SCHNELL - EINFACH - DIREKT -"},"image":{"@id":"https:\/\/www.q10magicpower.de\/cms\/#\/schema\/logo\/image\/"},"sameAs":["https:\/\/www.facebook.com\/www.q10magicpower.de\/","https:\/\/www.instagram.com\/q10_magic_power\/","https:\/\/www.youtube.com\/channel\/UCqGTr1w6DJo7EIGuolhUoXA"]}]}},"_links":{"self":[{"href":"https:\/\/www.q10magicpower.de\/cms\/wp-json\/wp\/v2\/product\/4051","targetHints":{"allow":["GET"]}}],"collection":[{"href":"https:\/\/www.q10magicpower.de\/cms\/wp-json\/wp\/v2\/product"}],"about":[{"href":"https:\/\/www.q10magicpower.de\/cms\/wp-json\/wp\/v2\/types\/product"}],"replies":[{"embeddable":true,"href":"https:\/\/www.q10magicpower.de\/cms\/wp-json\/wp\/v2\/comments?post=4051"}],"wp:featuredmedia":[{"embeddable":true,"href":"https:\/\/www.q10magicpower.de\/cms\/wp-json\/wp\/v2\/media\/8722"}],"wp:attachment":[{"href":"https:\/\/www.q10magicpower.de\/cms\/wp-json\/wp\/v2\/media?parent=4051"}],"curies":[{"name":"wp","href":"https:\/\/api.w.org\/{rel}","templated":true}]}}